{"id":2956,"date":"2024-11-15T10:26:29","date_gmt":"2024-11-15T15:26:29","guid":{"rendered":"https:\/\/ipsmedicsaludsabana.com\/web\/?page_id=2956"},"modified":"2025-02-13T11:00:31","modified_gmt":"2025-02-13T16:00:31","slug":"crc","status":"publish","type":"page","link":"https:\/\/ipsmedicsaludsabana.com\/web\/crc\/","title":{"rendered":"CRC"},"content":{"rendered":"<div class=\"wpb-content-wrapper\"><p>[vc_row][vc_column][vc_column_text css=\u00bb\u00bb]<div class=\"wp-block-image\"><\/p>\n<figure class=\"aligncenter size-full\"><span style=\"font-size: 18pt;\"><img decoding=\"async\" width=\"1600\" height=\"660\" class=\"wp-image-3055 lazyload\" data-src=\"https:\/\/ipsmedicsaludsabana.com\/web\/wp-content\/uploads\/2025\/02\/CRCFF333.png\" alt=\"\" data-srcset=\"https:\/\/ipsmedicsaludsabana.com\/web\/wp-content\/uploads\/2025\/02\/CRCFF333.png 1600w, https:\/\/ipsmedicsaludsabana.com\/web\/wp-content\/uploads\/2025\/02\/CRCFF333-300x124.png 300w, https:\/\/ipsmedicsaludsabana.com\/web\/wp-content\/uploads\/2025\/02\/CRCFF333-768x317.png 768w, https:\/\/ipsmedicsaludsabana.com\/web\/wp-content\/uploads\/2025\/02\/CRCFF333-1536x634.png 1536w\" data-sizes=\"(max-width: 1600px) 100vw, 1600px\" src=\"data:image\/svg+xml;base64,PHN2ZyB3aWR0aD0iMSIgaGVpZ2h0PSIxIiB4bWxucz0iaHR0cDovL3d3dy53My5vcmcvMjAwMC9zdmciPjwvc3ZnPg==\" style=\"--smush-placeholder-width: 1600px; --smush-placeholder-aspect-ratio: 1600\/660;\" \/><\/span><\/figure>\n<p><span style=\"font-size: 18pt;\"><\/div>\n\n\n<div class=\"wp-block-image\"><\/span><\/p>\n<figure class=\"aligncenter size-full\"><span style=\"font-size: 18pt;\"><img decoding=\"async\" width=\"851\" height=\"315\" class=\"wp-image-2985 lazyload\" data-src=\"https:\/\/ipsmedicsaludsabana.com\/web\/wp-content\/uploads\/2024\/12\/Green-Professional-Real-Estate-Agent-Facebook-Cover.png\" alt=\"\" data-srcset=\"https:\/\/ipsmedicsaludsabana.com\/web\/wp-content\/uploads\/2024\/12\/Green-Professional-Real-Estate-Agent-Facebook-Cover.png 851w, https:\/\/ipsmedicsaludsabana.com\/web\/wp-content\/uploads\/2024\/12\/Green-Professional-Real-Estate-Agent-Facebook-Cover-300x111.png 300w, https:\/\/ipsmedicsaludsabana.com\/web\/wp-content\/uploads\/2024\/12\/Green-Professional-Real-Estate-Agent-Facebook-Cover-768x284.png 768w\" data-sizes=\"(max-width: 851px) 100vw, 851px\" src=\"data:image\/svg+xml;base64,PHN2ZyB3aWR0aD0iMSIgaGVpZ2h0PSIxIiB4bWxucz0iaHR0cDovL3d3dy53My5vcmcvMjAwMC9zdmciPjwvc3ZnPg==\" style=\"--smush-placeholder-width: 851px; --smush-placeholder-aspect-ratio: 851\/315;\" \/><\/span><\/figure>\n<p><span style=\"font-size: 18pt;\"><\/div>\n<p><\/span><\/p>\n<figure class=\"wp-block-image size-large\"><span style=\"font-size: 18pt;\"><img decoding=\"async\" width=\"1920\" height=\"632\" class=\"wp-image-2990 lazyload\" data-src=\"https:\/\/ipsmedicsaludsabana.com\/web\/wp-content\/uploads\/2024\/12\/pngwiAAAAAng.com_-1920x632.png\" alt=\"\" data-srcset=\"https:\/\/ipsmedicsaludsabana.com\/web\/wp-content\/uploads\/2024\/12\/pngwiAAAAAng.com_-1920x632.png 1920w, https:\/\/ipsmedicsaludsabana.com\/web\/wp-content\/uploads\/2024\/12\/pngwiAAAAAng.com_-300x99.png 300w, https:\/\/ipsmedicsaludsabana.com\/web\/wp-content\/uploads\/2024\/12\/pngwiAAAAAng.com_-768x253.png 768w, https:\/\/ipsmedicsaludsabana.com\/web\/wp-content\/uploads\/2024\/12\/pngwiAAAAAng.com_-1536x505.png 1536w, https:\/\/ipsmedicsaludsabana.com\/web\/wp-content\/uploads\/2024\/12\/pngwiAAAAAng.com_-2048x674.png 2048w\" data-sizes=\"(max-width: 1920px) 100vw, 1920px\" src=\"data:image\/svg+xml;base64,PHN2ZyB3aWR0aD0iMSIgaGVpZ2h0PSIxIiB4bWxucz0iaHR0cDovL3d3dy53My5vcmcvMjAwMC9zdmciPjwvc3ZnPg==\" style=\"--smush-placeholder-width: 1920px; --smush-placeholder-aspect-ratio: 1920\/632;\" \/><\/span><\/figure>\n<p><span style=\"font-size: 18pt;\"><\/span><\/p>\n<p><span style=\"font-size: 18pt;\">Para obtener su licencia de conducci\u00f3n por primera vez, renovaci\u00f3n y recategorizaci\u00f3n entre otros requisitos usted debe tramitar el Certificado de examen f\u00edsico, mental y de coordinaci\u00f3n motriz para conducir, incorporado en el RUNT, expedido por un Centro de Reconocimiento de Conductores (CRC) habilitado por el Ministerio de Transporte<\/span><\/p>\n<p><span style=\"font-size: 18pt;\">Este examen consiste de:<\/span><\/p>\n<ul>\n<li><span style=\"font-size: 18pt;\">EXAMEN MEDICO GENERAL<\/span><\/li>\n<li><span style=\"font-size: 18pt;\">EXAMEN DE OPTOMETR\u00cdA<\/span><\/li>\n<li><span style=\"font-size: 18pt;\">EXAMEN DE AUDIOMETRIA<\/span><\/li>\n<li><span style=\"font-size: 18pt;\">PRUEBA PSICOL\u00d3GICA<\/span><\/li>\n<li><span style=\"font-size: 18pt;\">PRUEBA DE COORDINACI\u00d3N MOTRIZ<\/span><\/li>\n<\/ul>\n<p>[\/vc_column_text][\/vc_column][\/vc_row]<\/p>\n<\/div>","protected":false},"excerpt":{"rendered":"<p>[vc_row][vc_column][vc_column_text css=\u00bb\u00bb] Para obtener su licencia de conducci\u00f3n por primera vez, renovaci\u00f3n y recategorizaci\u00f3n entre otros requisitos usted debe tramitar el Certificado de examen f\u00edsico, mental y de coordinaci\u00f3n motriz para conducir, incorporado en el RUNT, expedido por un Centro de Reconocimiento de Conductores (CRC) habilitado por el Ministerio de Transporte Este examen consiste de: <\/p>\n<div class=\"btn-more-wrapper\"><a href=\"https:\/\/ipsmedicsaludsabana.com\/web\/crc\/\" class=\"btn btn-sm btn-hover-fill\"><svg class=\"icon icon-right-arrow\" version=\"1.1\" xmlns=\"http:\/\/www.w3.org\/2000\/svg\" width=\"32\" height=\"32\" viewBox=\"0 0 32 32\"><path d=\"M21.548 5.088c-0.436-0.451-1.162-0.451-1.613 0-0.436 0.436-0.436 1.162 0 1.596l8.177 8.177h-26.984c-0.629 0.001-1.129 0.501-1.129 1.13s0.5 1.145 1.129 1.145h26.984l-8.177 8.162c-0.436 0.451-0.436 1.178 0 1.613 0.451 0.451 1.178 0.451 1.613 0l10.113-10.113c0.451-0.436 0.451-1.162 0-1.596l-10.113-10.114z\"><\/path><\/svg>Leer m\u00e1s<span class=\"screen-reader-text\"> \u00abCRC\u00bb<\/span><svg class=\"icon icon-right-arrow\" version=\"1.1\" xmlns=\"http:\/\/www.w3.org\/2000\/svg\" width=\"32\" height=\"32\" viewBox=\"0 0 32 32\"><path d=\"M21.548 5.088c-0.436-0.451-1.162-0.451-1.613 0-0.436 0.436-0.436 1.162 0 1.596l8.177 8.177h-26.984c-0.629 0.001-1.129 0.501-1.129 1.13s0.5 1.145 1.129 1.145h26.984l-8.177 8.162c-0.436 0.451-0.436 1.178 0 1.613 0.451 0.451 1.178 0.451 1.613 0l10.113-10.113c0.451-0.436 0.451-1.162 0-1.596l-10.113-10.114z\"><\/path><\/svg><\/a><\/div>\n","protected":false},"author":3,"featured_media":0,"parent":0,"menu_order":0,"comment_status":"closed","ping_status":"closed","template":"","meta":{"footnotes":""},"class_list":["post-2956","page","type-page","status-publish","hentry"],"_links":{"self":[{"href":"https:\/\/ipsmedicsaludsabana.com\/web\/wp-json\/wp\/v2\/pages\/2956","targetHints":{"allow":["GET"]}}],"collection":[{"href":"https:\/\/ipsmedicsaludsabana.com\/web\/wp-json\/wp\/v2\/pages"}],"about":[{"href":"https:\/\/ipsmedicsaludsabana.com\/web\/wp-json\/wp\/v2\/types\/page"}],"author":[{"embeddable":true,"href":"https:\/\/ipsmedicsaludsabana.com\/web\/wp-json\/wp\/v2\/users\/3"}],"replies":[{"embeddable":true,"href":"https:\/\/ipsmedicsaludsabana.com\/web\/wp-json\/wp\/v2\/comments?post=2956"}],"version-history":[{"count":0,"href":"https:\/\/ipsmedicsaludsabana.com\/web\/wp-json\/wp\/v2\/pages\/2956\/revisions"}],"wp:attachment":[{"href":"https:\/\/ipsmedicsaludsabana.com\/web\/wp-json\/wp\/v2\/media?parent=2956"}],"curies":[{"name":"wp","href":"https:\/\/api.w.org\/{rel}","templated":true}]}}